{"id":17,"date":"2017-03-25T13:30:51","date_gmt":"2017-03-25T13:30:51","guid":{"rendered":"https:\/\/routehistorique86.com\/?page_id=17"},"modified":"2022-03-29T13:09:01","modified_gmt":"2022-03-29T12:09:01","slug":"circuit-charlemagne-dans-le-sud-ouest-du-departement","status":"publish","type":"page","link":"https:\/\/www.routehistorique86.com\/index.php\/circuit-charlemagne-dans-le-sud-ouest-du-departement\/","title":{"rendered":"Circuit Charlemagne"},"content":{"rendered":"<h2><\/h2>\n<h2>dans le sud-ouest du d\u00e9partement<\/h2>\n<p>Charlemagne (742-814) est sacr\u00e9 Empereur en 800. Le Bellator, une relique de la Vraie Croix, lui ayant appartenu et l&#8217;ayant prot\u00e9g\u00e9 au combat, fut l\u00e9gu\u00e9 \u00e0 l&#8217;Abbaye de Charroux, fond\u00e9e vers 770 par Roger, Comte de Limoges, il fit la fortune du Monast\u00e8re.<\/p>\n<div id=\"attachment_93\" style=\"width: 212px\" class=\"wp-caption alignnone\"><a href=\"https:\/\/routehistorique86.com\/wp-content\/uploads\/2017\/04\/artimage_284088_1952567_201004210320709.jpeg\" target=\"_blank\" rel=\"noopener noreferrer\"><img loading=\"lazy\" decoding=\"async\" aria-describedby=\"caption-attachment-93\" class=\"wp-image-93 size-medium\" src=\"https:\/\/routehistorique86.com\/wp-content\/uploads\/2017\/04\/artimage_284088_1952567_201004210320709-202x300.jpeg\" alt=\"Charlemagne (742-814)\" width=\"202\" height=\"300\" srcset=\"https:\/\/www.routehistorique86.com\/wp-content\/uploads\/2017\/04\/artimage_284088_1952567_201004210320709-202x300.jpeg 202w, https:\/\/www.routehistorique86.com\/wp-content\/uploads\/2017\/04\/artimage_284088_1952567_201004210320709.jpeg 500w\" sizes=\"auto, (max-width: 202px) 100vw, 202px\" \/><\/a><p id=\"caption-attachment-93\" class=\"wp-caption-text\">Charlemagne (742-814)<\/p><\/div>\n<h3>Abbaye de Valence \u00e0 Couh\u00e9<\/h3>\n<p><span style=\"font-size: 16px;\"><img loading=\"lazy\" decoding=\"async\" class=\"alignnone size-medium wp-image-692\" src=\"https:\/\/routehistorique86.com\/wp-content\/uploads\/2017\/03\/abbaye-valence-300x201.jpg\" alt=\"\" width=\"300\" height=\"201\" srcset=\"https:\/\/www.routehistorique86.com\/wp-content\/uploads\/2017\/03\/abbaye-valence-300x201.jpg 300w, https:\/\/www.routehistorique86.com\/wp-content\/uploads\/2017\/03\/abbaye-valence-768x514.jpg 768w, https:\/\/www.routehistorique86.com\/wp-content\/uploads\/2017\/03\/abbaye-valence.jpg 1000w\" sizes=\"auto, (max-width: 300px) 100vw, 300px\" \/>(Valence en Poitou)<\/span><\/p>\n<p>Vestiges de l&#8217;ancienne abbaye cistercienne appartenant \u00e0 la Communaut\u00e9 de Communes du Civraisien en Poitou. L&#8217;abbaye a \u00e9t\u00e9 fond\u00e9e en 1230 par Hugues X de Lusignan.<\/p>\n<p>Visite libre et gratuite des ext\u00e9rieurs<\/p>\n<p><strong>Couh\u00e9\u00a0<\/strong>: Halles du XVI\u00e8 en parfait \u00e9tat. Pierres tombales XII\u00e8 et gisants XIV\u00e8 pr\u00e8s de l&#8217;\u00e9glise Saint-Martin. Tour de l&#8217;ancien ch\u00e2teau XI\u00e8-XII\u00e8. Circuit touristique libre d&#8217;acc\u00e8s.<\/p>\n<p>T\u00e9l. 05 49 59 26 71<\/p>\n<h3>Ch\u00e2teau d&#8217;\u00c9panvilliers \u00e0 Brux<\/h3>\n<div id=\"attachment_106\" style=\"width: 310px\" class=\"wp-caption alignnone\"><img loading=\"lazy\" decoding=\"async\" aria-describedby=\"caption-attachment-106\" class=\"size-medium wp-image-106\" src=\"https:\/\/routehistorique86.com\/wp-content\/uploads\/2017\/04\/photo_284088_5753892_201003292445820-300x197.jpeg\" alt=\"Ch\u00e2teau d'Epanvilliers\" width=\"300\" height=\"197\" srcset=\"https:\/\/www.routehistorique86.com\/wp-content\/uploads\/2017\/04\/photo_284088_5753892_201003292445820-300x197.jpeg 300w, https:\/\/www.routehistorique86.com\/wp-content\/uploads\/2017\/04\/photo_284088_5753892_201003292445820.jpeg 500w\" sizes=\"auto, (max-width: 300px) 100vw, 300px\" \/><p id=\"caption-attachment-106\" class=\"wp-caption-text\">Ch\u00e2teau d&#8217;Epanvilliers<\/p><\/div>\n<p>Le ch\u00e2teau d&#8217;\u00c9panvilliers surprend par sa sobre gr\u00e2ce et sa noble harmonie. Construit par les Tryon-Montalembert aux XVI\u00e8-XVII\u00e8, le b\u00e2timent se fond parfaitement dans le vaste paysage. La r\u00e9sidence charme par les contrastes entre son \u00e9l\u00e9gante majest\u00e9, l&#8217;intimit\u00e9 de ses pi\u00e8ces familiales et la pr\u00e9sentation d&#8217;un mus\u00e9e du jeu ancien.<\/p>\n<p>Ouvert du 1er juillet au 31 ao\u00fbt de 14h-19h (sauf le lundi).<br \/>\ncourriel: brordorf@gmail.com<\/p>\n<p><strong>Brux:\u00a0<\/strong><\/p>\n<p><img loading=\"lazy\" decoding=\"async\" class=\"size-medium wp-image-694\" src=\"https:\/\/routehistorique86.com\/wp-content\/uploads\/2017\/03\/Brux--300x200.jpg\" alt=\"\" width=\"300\" height=\"200\" srcset=\"https:\/\/www.routehistorique86.com\/wp-content\/uploads\/2017\/03\/Brux--300x200.jpg 300w, https:\/\/www.routehistorique86.com\/wp-content\/uploads\/2017\/03\/Brux--768x511.jpg 768w, https:\/\/www.routehistorique86.com\/wp-content\/uploads\/2017\/03\/Brux--1024x681.jpg 1024w\" sizes=\"auto, (max-width: 300px) 100vw, 300px\" \/><\/p>\n<p>\u00c9glise St Martin. (Visite libre). Mus\u00e9e-expo :exposition culturelle, artisanale et sur le patrimoine rural; collection permanente de papillons du monde entier.<\/p>\n<p>site internet :\u00a0<a href=\"http:\/\/www.musee-brux.fr\/\">Mus\u00e9e de Brux<\/a><\/p>\n<p><strong>Chaunay :\u00a0<\/strong>\u00c9glise romane Saint-Pierre des XII\u00e8-XV\u00e8 , \u00a0ouverte au public tous les jours.<\/p>\n<h3>Champagn\u00e9-le-Sec<\/h3>\n<p><img loading=\"lazy\" decoding=\"async\" class=\"size-medium wp-image-696\" src=\"https:\/\/routehistorique86.com\/wp-content\/uploads\/2017\/03\/2-4-Champagne-PICT2027-300x225.jpg\" alt=\"\" width=\"300\" height=\"225\" srcset=\"https:\/\/www.routehistorique86.com\/wp-content\/uploads\/2017\/03\/2-4-Champagne-PICT2027-300x225.jpg 300w, https:\/\/www.routehistorique86.com\/wp-content\/uploads\/2017\/03\/2-4-Champagne-PICT2027-768x576.jpg 768w, https:\/\/www.routehistorique86.com\/wp-content\/uploads\/2017\/03\/2-4-Champagne-PICT2027-1024x768.jpg 1024w\" sizes=\"auto, (max-width: 300px) 100vw, 300px\" \/><\/p>\n<p>L&#8217;\u00e9glise Saint-L\u00e9ger du XIIe a pour particularit\u00e9 de poss\u00e9der un toit en lauzes (pierres plates) et des peintures murales datant des XIII\u00e8,XV\u00e8 et XVI\u00e8 ( restaur\u00e9es entre 2000 et 2004). Ouverte toute l&#8217;ann\u00e9e, visite libre et gratuite.<\/p>\n<p><strong>Blanzay:\u00a0<\/strong>Ch\u00e2teau de la Mailholi\u00e8re des XV\u00e8-XVI\u00e8.<\/p>\n<p><strong>Champniers :<\/strong> \u00c9glise romane, peintures murales du XV\u00e8, croix hosanni\u00e8re<\/p>\n<p><strong>Linazay :\u00a0<\/strong>Dolmen de la Pierre P\u00e8se.<\/p>\n<h3>Civray<\/h3>\n<div id=\"attachment_700\" style=\"width: 310px\" class=\"wp-caption alignnone\"><img loading=\"lazy\" decoding=\"async\" aria-describedby=\"caption-attachment-700\" class=\"size-medium wp-image-700\" src=\"https:\/\/routehistorique86.com\/wp-content\/uploads\/2017\/03\/2-5-Civray-DSC05141corr-300x254.jpg\" alt=\"\" width=\"300\" height=\"254\" srcset=\"https:\/\/www.routehistorique86.com\/wp-content\/uploads\/2017\/03\/2-5-Civray-DSC05141corr-300x254.jpg 300w, https:\/\/www.routehistorique86.com\/wp-content\/uploads\/2017\/03\/2-5-Civray-DSC05141corr-768x650.jpg 768w, https:\/\/www.routehistorique86.com\/wp-content\/uploads\/2017\/03\/2-5-Civray-DSC05141corr-1024x867.jpg 1024w\" sizes=\"auto, (max-width: 300px) 100vw, 300px\" \/><p id=\"caption-attachment-700\" class=\"wp-caption-text\">Civray<\/p><\/div>\n<p>Civray, Eglise St Nicolas<br \/>\nEglise Saint Nicolas, \u00e9difice roman du XII\u00e8, remarquable par son unit\u00e9 architecturale, r\u00e9pertoire de l&#8217;iconographie m\u00e9di\u00e9vale, calendrier zodiaque, peintures int\u00e9rieures du XIX\u00e8, fresques du XIV\u00e8. Vieux h\u00f4tels, maisons anciennes du XV\u00e8. Visite libre et gratuite ou guid\u00e9e.T\u00e9l.05 49 87 40 34<br \/>\nCircuit touristique libre d&#8217;acc\u00e8s. T\u00e9l.05 49 97 47 73<\/p>\n<p><strong>Saint-Pierre d&#8217;Exideuil :\u00a0<\/strong>\u00c9glise fin XI\u00e8. Ch\u00e2teau de L&#8217;\u00c9tang. Ch\u00e2teau de L\u00e9ray des XV\u00e8 et XVII\u00e8, portail d&#8217;entr\u00e9e \u00e0 machicoulis, fuie de 1600 cases, beau logis aux sculptures Renaissance, s\u00e9choir \u00e0 chiens.<\/p>\n<p><strong>Chatain :<\/strong> \u00c9glise romane, pont romain. Ch\u00e2teau de Laleu XV\u00e8 -XVII\u00e8.<\/p>\n<h3>Ch\u00e2teau de Cibioux \u00e0 Surin<\/h3>\n<div id=\"attachment_651\" style=\"width: 310px\" class=\"wp-caption alignnone\"><img loading=\"lazy\" decoding=\"async\" aria-describedby=\"caption-attachment-651\" class=\"size-medium wp-image-651\" src=\"https:\/\/routehistorique86.com\/wp-content\/uploads\/2017\/03\/Ch\u00e2teau-de-Cibioux-300x200.jpg\" alt=\"\" width=\"300\" height=\"200\" srcset=\"https:\/\/www.routehistorique86.com\/wp-content\/uploads\/2017\/03\/Ch\u00e2teau-de-Cibioux-300x200.jpg 300w, https:\/\/www.routehistorique86.com\/wp-content\/uploads\/2017\/03\/Ch\u00e2teau-de-Cibioux-768x512.jpg 768w, https:\/\/www.routehistorique86.com\/wp-content\/uploads\/2017\/03\/Ch\u00e2teau-de-Cibioux-1024x683.jpg 1024w\" sizes=\"auto, (max-width: 300px) 100vw, 300px\" \/><p id=\"caption-attachment-651\" class=\"wp-caption-text\">Ch\u00e2teau de Cibioux<\/p><\/div>\n<p>Ch\u00e2teau de Cibioux des XV\u00e8-XVII\u00e8-XVIII\u00e8, b\u00e2ti \u00e0 flanc de vallon.Tours de d\u00e9fense, machicoulis, enceinte de l&#8217;\u00e9poque m\u00e9di\u00e9vale, loggia bord\u00e9e de balustres, chapelle orn\u00e9e de sculptures Renaissance. Chambres d&#8217;h\u00f4tes.<\/p>\n<p>Ouvert en mai, juin et septembre samedi et dimanche de 12h-18h; juillet et ao\u00fbt tous les jours<br \/>\n(sauf les mardis et mercredis) T\u00e9l.05-49-87-04-89<\/p>\n<p>site internet:\u00a0<a href=\"http:\/\/chateau-de-cibioux.pagesperso-orange.fr\/\">Chateau de Cibioux<\/a><\/p>\n<h3>Charroux<\/h3>\n<p><img loading=\"lazy\" decoding=\"async\" class=\"alignnone size-medium wp-image-703\" src=\"https:\/\/routehistorique86.com\/wp-content\/uploads\/2017\/03\/2-7-Charroux-aP1070564-300x200.jpg\" alt=\"\" width=\"300\" height=\"200\" srcset=\"https:\/\/www.routehistorique86.com\/wp-content\/uploads\/2017\/03\/2-7-Charroux-aP1070564-300x200.jpg 300w, https:\/\/www.routehistorique86.com\/wp-content\/uploads\/2017\/03\/2-7-Charroux-aP1070564-768x512.jpg 768w, https:\/\/www.routehistorique86.com\/wp-content\/uploads\/2017\/03\/2-7-Charroux-aP1070564-1024x683.jpg 1024w\" sizes=\"auto, (max-width: 300px) 100vw, 300px\" \/><\/p>\n<p>Charroux, Tour de Charlemagne et Abbaye St Sauveur<br \/>\nCharmant bourg m\u00e9di\u00e9val devenu Petite Cit\u00e9 de Caract\u00e8re en 2017 \u00c9tape sur le chemin de Saint-Jacques de Compostelle, maisons \u00e0 pans de bois, halles du XVI\u00e8, porte de l&#8217;aum\u00f4nerie. \u00a0L&#8217;Abbaye Saint-Sauveur, l&#8217;une des plus puissantes abbayes b\u00e9n\u00e9dictines de l&#8217;Europe carolingienne, doit ses origines \u00e0 la relique de Ste Croix. Elle fut construite et remani\u00e9e du VIIIe au XIe si\u00e8cle. Sa fameuse tour octogonale du XI\u00e8, dite de Charlemagne, ses remarquables sculptures gothiques et son tr\u00e9sor, la classent parmi les hauts lieux du patrimoine poitevin du Moyen-\u00c2ge.<br \/>\nVisite libre ou guid\u00e9e. T\u00e9l. 05 49 87 62 43<br \/>\nCircuit touristique libre d&#8217;acc\u00e8s. Circuit ludique \u00e0 l&#8217;office de tourisme.T\u00e9l.05 49 87 60 12.<\/p>\n<h3>\u00a0Abbaye Royale de la R\u00e9au \u00e0 Saint-Martin l&#8217;Ars<\/h3>\n<p><a href=\"https:\/\/routehistorique86.com\/wp-content\/uploads\/2019\/06\/routes-romanes.Vue-aerienne-e1560690497732.jpg\"><img loading=\"lazy\" decoding=\"async\" class=\"wp-image-445 size-medium\" src=\"https:\/\/routehistorique86.com\/wp-content\/uploads\/2019\/06\/routes-romanes.Vue-aerienne-e1560690497732-300x196.jpg\" alt=\"\" width=\"300\" height=\"196\" srcset=\"https:\/\/www.routehistorique86.com\/wp-content\/uploads\/2019\/06\/routes-romanes.Vue-aerienne-e1560690497732-300x196.jpg 300w, https:\/\/www.routehistorique86.com\/wp-content\/uploads\/2019\/06\/routes-romanes.Vue-aerienne-e1560690497732-768x501.jpg 768w, https:\/\/www.routehistorique86.com\/wp-content\/uploads\/2019\/06\/routes-romanes.Vue-aerienne-e1560690497732-1024x667.jpg 1024w\" sizes=\"auto, (max-width: 300px) 100vw, 300px\" \/><\/a> Abbaye Royale de La R\u00e9au &#8211; vue a\u00e9rienne<\/p>\n<p>Abbaye augustinienne du XII\u00e8: Abbatiale fortifi\u00e9e au XV\u00e8 \u00e0 ciel ouvert, salle capitulaire romane, tours du XV\u00e8, b\u00e2timents conventuels classiques dont un escalier monumental. 850ans d&#8217;histoire, parcours d\u00e9couverte de la vie des moines.Visite guid\u00e9e \u00e0 travers le b\u00e2timent conventuel, les ruines romantiques de l&#8217;ancienne abbatiale, les vestiges du clo\u00eetre. Promenade dans le parc en contournant le pigeonnier, le chai ou la tour de d\u00e9fense.<\/p>\n<p>ouvert: du 09\/04\/2022 au 08\/05\/2022 du mardi au dimanche 10h30-12h30 et 14h30-18h00<\/p>\n<p>du 09\/05\/2022 au 01\/07\/2022 uniquement les week-ends 10h30-18h00<\/p>\n<p>du 02\/07\/2022 au 31\/08\/2022 ouvert tous les jours 10h30-12h30 et 14h30-18h00-<\/p>\n<p>visites guid\u00e9es \u00a0 11h00\/14h30 et 16h30<\/p>\n<p>du 01\/09\/2022 au 21\/10\/2022 ouvert uniquement les week-ends 10h30-18h00<\/p>\n<p>du 22\/10\/2022 au 06\/11\/2022 ouvert tous les jours 10h30-12h30 et 14h30-17h30<\/p>\n<p>Ferm\u00e9 les lundis &#8211; ouvert pour les journ\u00e9es europ\u00e9ennes du patrimoine<\/p>\n<p>R\u00e9servation sur le\u00a0Site internet\u00a0: www.abbayeroyaledelareau.fr<\/p>\n<p>Information: Abbaye Royale de La R\u00e9au 86350 Saint-Martin-l\u2019Ars 05.49.87.93.08\u00a0 <a href=\"mailto:contact@abbayeroyaledelareau.fr\">contact@abbayeroyaledelareau.fr<\/a><\/p>\n<p><strong>Payroux :\u00a0<\/strong>\u00c9glise Notre-Dame, sanctuaire et nef en berceau, trav\u00e9e ogivale sous le clocher.<\/p>\n<p><strong>Jouss\u00e9 :\u00a0<\/strong>Ch\u00e2teau de Jouss\u00e9 XV\u00e8. Tr\u00e8s belle toiture class\u00e9e \u00e0 l&#8217;inventaire des monuments historiques.<\/p>\n<p><strong>Ch\u00e2teau-Garnier :\u00a0<\/strong>Ch\u00e2teau de Montchandy XV\u00e8.<\/p>\n<p><strong>Champagn\u00e9 &#8211; Saint &#8211; Hilaire :\u00a0<\/strong>Eglise Saint-Gervais Saint-Protais, magnifique portail roman du XII\u00e8.<\/p>\n","protected":false},"excerpt":{"rendered":"<p>dans le sud-ouest du d\u00e9partement Charlemagne (742-814) est sacr\u00e9 Empereur en 800. Le Bellator, une relique de la Vraie Croix, lui ayant appartenu et l&#8217;ayant&#8230;<\/p>\n","protected":false},"author":1,"featured_media":0,"parent":0,"menu_order":0,"comment_status":"closed","ping_status":"closed","template":"","meta":{"footnotes":""},"class_list":["post-17","page","type-page","status-publish","hentry"],"jetpack_sharing_enabled":true,"_links":{"self":[{"href":"https:\/\/www.routehistorique86.com\/index.php\/wp-json\/wp\/v2\/pages\/17","targetHints":{"allow":["GET"]}}],"collection":[{"href":"https:\/\/www.routehistorique86.com\/index.php\/wp-json\/wp\/v2\/pages"}],"about":[{"href":"https:\/\/www.routehistorique86.com\/index.php\/wp-json\/wp\/v2\/types\/page"}],"author":[{"embeddable":true,"href":"https:\/\/www.routehistorique86.com\/index.php\/wp-json\/wp\/v2\/users\/1"}],"replies":[{"embeddable":true,"href":"https:\/\/www.routehistorique86.com\/index.php\/wp-json\/wp\/v2\/comments?post=17"}],"version-history":[{"count":80,"href":"https:\/\/www.routehistorique86.com\/index.php\/wp-json\/wp\/v2\/pages\/17\/revisions"}],"predecessor-version":[{"id":916,"href":"https:\/\/www.routehistorique86.com\/index.php\/wp-json\/wp\/v2\/pages\/17\/revisions\/916"}],"wp:attachment":[{"href":"https:\/\/www.routehistorique86.com\/index.php\/wp-json\/wp\/v2\/media?parent=17"}],"curies":[{"name":"wp","href":"https:\/\/api.w.org\/{rel}","templated":true}]}}