{"id":15,"date":"2017-03-25T13:30:19","date_gmt":"2017-03-25T13:30:19","guid":{"rendered":"https:\/\/routehistorique86.com\/?page_id=15"},"modified":"2020-03-22T19:10:58","modified_gmt":"2020-03-22T18:10:58","slug":"circuit-du-guesclin-dans-lest-et-le-sud-du-departement","status":"publish","type":"page","link":"https:\/\/www.routehistorique86.com\/index.php\/circuit-du-guesclin-dans-lest-et-le-sud-du-departement\/","title":{"rendered":"Circuit Du Guesclin"},"content":{"rendered":"<h2>dans l&#8217;est et le sud du d\u00e9partement<\/h2>\n<p>Le Duc de Berry assi\u00e9geait depuis deux ans la forteresse de Gen\u00e7ay livr\u00e9e aux Anglais par trahison. Du Guesclin, d&#8217;une grande bravoure, mais soucieux de m\u00e9nager ses troupes, pr\u00e9f\u00e9rait la guerre d&#8217;embuscades \u00e0 la vaine gloriole chevaleresque des batailles rang\u00e9es. Il sut rapidement contraindre l&#8217;ennemi \u00e0 n\u00e9gocier.<\/p>\n<p>&nbsp;<\/p>\n<div id=\"attachment_92\" style=\"width: 164px\" class=\"wp-caption alignnone\"><a href=\"https:\/\/routehistorique86.com\/wp-content\/uploads\/2017\/04\/artimage_284088_1952478_201004210148823.jpeg\" target=\"_blank\" rel=\"noopener noreferrer\"><img loading=\"lazy\" decoding=\"async\" aria-describedby=\"caption-attachment-92\" class=\"wp-image-92 size-medium\" title=\"Bertrand du Guesclin\" src=\"https:\/\/routehistorique86.com\/wp-content\/uploads\/2017\/04\/artimage_284088_1952478_201004210148823-154x300.jpeg\" alt=\"Bertrand du Guesclin\" width=\"154\" height=\"300\" srcset=\"https:\/\/www.routehistorique86.com\/wp-content\/uploads\/2017\/04\/artimage_284088_1952478_201004210148823-154x300.jpeg 154w, https:\/\/www.routehistorique86.com\/wp-content\/uploads\/2017\/04\/artimage_284088_1952478_201004210148823.jpeg 308w\" sizes=\"auto, (max-width: 154px) 100vw, 154px\" \/><\/a><p id=\"caption-attachment-92\" class=\"wp-caption-text\">Bertrand du Guesclin<\/p><\/div>\n<h3>Ch\u00e2teau de Touffou \u00e0 Bonnes<\/h3>\n<p><img loading=\"lazy\" decoding=\"async\" class=\"size-medium wp-image-707\" src=\"https:\/\/routehistorique86.com\/wp-content\/uploads\/2017\/03\/4-1Touffou-DSC05075corr-300x200.jpg\" alt=\"\" width=\"300\" height=\"200\" srcset=\"https:\/\/www.routehistorique86.com\/wp-content\/uploads\/2017\/03\/4-1Touffou-DSC05075corr-300x200.jpg 300w, https:\/\/www.routehistorique86.com\/wp-content\/uploads\/2017\/03\/4-1Touffou-DSC05075corr-768x512.jpg 768w, https:\/\/www.routehistorique86.com\/wp-content\/uploads\/2017\/03\/4-1Touffou-DSC05075corr-1024x683.jpg 1024w\" sizes=\"auto, (max-width: 300px) 100vw, 300px\" \/><\/p>\n<p>Prestigieux ch\u00e2teau class\u00e9 \u00abMonument historique\u00bb depuis 1923, r\u00e9unissant harmonieusement plusieurs \u00e9poques : donjon du XII\u00e8 et logis de la Renaissance. Son aspect actuel est d\u00fb \u00e0 l&#8217;illustre famille poitevine de Chasteigner de La Roche &#8211; Posay qui poss\u00e9da Touffou pendant trois si\u00e8cles (jusqu&#8217;en 1821). Le site abrite \u00e9galement d&#8217;exceptionnels jardins ayant re\u00e7u en 2004 le label \u00abJardin Remarquable\u00bb.<\/p>\n<p>Ouvert tous les samedis et dimanches du 8 avril au 30 septembre de 10h-12h et de 14h-18h.<\/p>\n<p>T\u00e9l. 05 49 56 40 08.<\/p>\n<p><strong>Bonnes :<\/strong> \u00c9glise Saint-Andr\u00e9 de style roman XII\u00e8.<\/p>\n<p><strong>Lavoux : <\/strong>ch\u00e2teau du Bois Doucet XVI\u00e8 -XVII\u00e8 compos\u00e9 d&#8217;un pavillon louis XIII sur lequel s&#8217;appuie l&#8217;orangerie, class\u00e9 monument historique depuis 1966.<\/p>\n<p>T\u00e9l. 05 49 44 20 26<\/p>\n<h3>Abbaye de l&#8217;\u00c9toile \u00e0 Archigny<\/h3>\n<p><img loading=\"lazy\" decoding=\"async\" class=\"alignnone size-medium wp-image-710\" src=\"https:\/\/routehistorique86.com\/wp-content\/uploads\/2017\/03\/4-2-Etoile-P1070392-300x200.jpg\" alt=\"\" width=\"300\" height=\"200\" srcset=\"https:\/\/www.routehistorique86.com\/wp-content\/uploads\/2017\/03\/4-2-Etoile-P1070392-300x200.jpg 300w, https:\/\/www.routehistorique86.com\/wp-content\/uploads\/2017\/03\/4-2-Etoile-P1070392-768x512.jpg 768w, https:\/\/www.routehistorique86.com\/wp-content\/uploads\/2017\/03\/4-2-Etoile-P1070392-1024x683.jpg 1024w\" sizes=\"auto, (max-width: 300px) 100vw, 300px\" \/><\/p>\n<p>Abbaye cistercienne des XII\u00e8, XV\u00e8 et XVII\u00e8.<\/p>\n<p>Manifestations diverses : concerts, conf\u00e9rences, expositions, accueil de groupes et de scolaires.<br \/>\nVisite libre ou guid\u00e9e de juin \u00e0 septembre du mercredi au dimanche 14h-18h<br \/>\nSite Internet : <a href=\"http:\/\/www.abbaye-etoile.fr\">Abbaye de l&#8217;\u00c9toile<\/a><\/p>\n<p><strong>Archigny :\u00a0<\/strong>Refuge des Acadiens au XVIII\u00e8. T\u00e9l. 05 49 21 54 39<\/p>\n<p><strong>La Puye :\u00a0<\/strong>Ancien prieur\u00e9 fontevriste du XII\u00e8 et chapelle conventuelle du XIX\u00e8 de la maison m\u00e8re des Filles de La Croix . Maison du P\u00e8re Saint-Andr\u00e9 Hubert Fournet.<\/p>\n<h3>Angles sur l&#8217;Anglin<\/h3>\n<p><img loading=\"lazy\" decoding=\"async\" class=\"size-medium wp-image-713\" src=\"https:\/\/routehistorique86.com\/wp-content\/uploads\/2017\/03\/4-3-Angles-DSC05214corr-300x200.jpg\" alt=\"\" width=\"300\" height=\"200\" srcset=\"https:\/\/www.routehistorique86.com\/wp-content\/uploads\/2017\/03\/4-3-Angles-DSC05214corr-300x200.jpg 300w, https:\/\/www.routehistorique86.com\/wp-content\/uploads\/2017\/03\/4-3-Angles-DSC05214corr-768x512.jpg 768w, https:\/\/www.routehistorique86.com\/wp-content\/uploads\/2017\/03\/4-3-Angles-DSC05214corr-1024x683.jpg 1024w\" sizes=\"auto, (max-width: 300px) 100vw, 300px\" \/><\/p>\n<p>\u00abL&#8217;un des plus beaux villages de France\u00bb, c\u00e9l\u00e8bre par ses brodeuses de jours d&#8217;Angles. Imposantes ruines du ch\u00e2teau f\u00e9odal d&#8217;o\u00f9 Du Guesclin chassa les Anglais en 1372.\u00a0Manifestations culturelles et artistiques (concerts, danses et contes).<br \/>\nVisites guid\u00e9es du village tous les vendredis \u00e0 15h .<br \/>\nT\u00e9l. : 05 49 21 05 47 \/ 05 49 91 07 63 &#8211; Courriel : angles-sur-langlin@cg86.fr<\/p>\n<p><strong>Le Roc aux sorciers :\u00a0<\/strong>Abri sous roche rec\u00e9lant la plus grande frise pr\u00e9historique sculpt\u00e9e jamais d\u00e9couverte datant du Magdal\u00e9nien ( &#8211; 14 000 ans BC ) . Projection vid\u00e9o sc\u00e9nographi\u00e9e.<\/p>\n<p>Ouvert en juillet et ao\u00fbt tous les jours 10h-19h. T\u00e9l. 05 49 83 37 27 .<\/p>\n<h3>Abbaye de Saint-Savin<\/h3>\n<p><img loading=\"lazy\" decoding=\"async\" class=\"size-medium wp-image-716\" src=\"https:\/\/routehistorique86.com\/wp-content\/uploads\/2017\/03\/4-4-St-Savin-DSC05079corr-300x200.jpg\" alt=\"\" width=\"300\" height=\"200\" srcset=\"https:\/\/www.routehistorique86.com\/wp-content\/uploads\/2017\/03\/4-4-St-Savin-DSC05079corr-300x200.jpg 300w, https:\/\/www.routehistorique86.com\/wp-content\/uploads\/2017\/03\/4-4-St-Savin-DSC05079corr-768x512.jpg 768w, https:\/\/www.routehistorique86.com\/wp-content\/uploads\/2017\/03\/4-4-St-Savin-DSC05079corr-1024x683.jpg 1024w\" sizes=\"auto, (max-width: 300px) 100vw, 300px\" \/><\/p>\n<p>Inscrite au patrimoine mondial de l&#8217;UNESCO, l&#8217;ancienne abbaye b\u00e9n\u00e9dictine Saint-Savin Saint-Cyprien du XI\u00e8 est c\u00e9l\u00e8bre pour ses fresques murales. Acc\u00e8s libre .<\/p>\n<p>Parcours sc\u00e9nographique dans des b\u00e2timents conventuels du XVII\u00e8.<\/p>\n<p>Visite libre ou guid\u00e9e payantes.<\/p>\n<p>T\u00e9l. : 05 49 84 30 00 . Courriel : contact@abbaye-saint-savin.fr<\/p>\n<p><strong>Antigny : <\/strong>\u00c9glise Notre &#8211; Dame<strong>\u00a0<\/strong>XII\u00e8 avec des peintures murales gothiques , lanterne des morts XIII\u00e8, mus\u00e9e gallo-romain.<\/p>\n<h3>Prieur\u00e9 de Villesalem<\/h3>\n<p><img loading=\"lazy\" decoding=\"async\" class=\"size-medium wp-image-719\" src=\"https:\/\/routehistorique86.com\/wp-content\/uploads\/2017\/03\/4-5-Villesalem-DSC05136corr-300x202.jpg\" alt=\"\" width=\"300\" height=\"202\" srcset=\"https:\/\/www.routehistorique86.com\/wp-content\/uploads\/2017\/03\/4-5-Villesalem-DSC05136corr-300x202.jpg 300w, https:\/\/www.routehistorique86.com\/wp-content\/uploads\/2017\/03\/4-5-Villesalem-DSC05136corr-768x516.jpg 768w, https:\/\/www.routehistorique86.com\/wp-content\/uploads\/2017\/03\/4-5-Villesalem-DSC05136corr-1024x688.jpg 1024w\" sizes=\"auto, (max-width: 300px) 100vw, 300px\" \/><\/p>\n<p>Ancien prieur\u00e9 de Fontevrault aux dimensions d&#8217;une abbaye. Devenu une grange, il fut rachet\u00e9 par l&#8217;Etat et remarquablement mis en valeur. Monument de style roman poitevin du XIIe.<\/p>\n<p>Visite guid\u00e9e juilet-ao\u00fbt ( sauf le mardi ) 14h30-18h30. Pour les groupes toute l&#8217;ann\u00e9e sur r\u00e9servation. T\u00e9l. 05 49 91 07 53 .<\/p>\n<p>site internet: <a href=\"http:\/\/www.prieure-villesalem.org\">Prieur\u00e9 de Villesalem<\/a>\u00a0&#8211; courriel: contact@ccvg86.fr<\/p>\n<p><strong>Journet :\u00a0<\/strong>Lanterne des morts XII\u00e8. Le domaine et le ch\u00e2teau du Ry- Chazerat ont \u00e9t\u00e9 l\u00e9gu\u00e9s \u00e0 l&#8217;Acad\u00e9mie des Sciences il y a plus d&#8217;un si\u00e8cle.<\/p>\n<p><strong>Jouhet :<\/strong> Chapelle Sainte- Catherine du XV\u00e8 class\u00e9e monument historique avec des peintues murales.<\/p>\n<h3>Montmorillon<\/h3>\n<p><img loading=\"lazy\" decoding=\"async\" class=\"size-medium wp-image-722\" src=\"https:\/\/routehistorique86.com\/wp-content\/uploads\/2017\/03\/4-6-Montmorillon-JMG-DSC00313-200x300.jpg\" alt=\"\" width=\"200\" height=\"300\" srcset=\"https:\/\/www.routehistorique86.com\/wp-content\/uploads\/2017\/03\/4-6-Montmorillon-JMG-DSC00313-200x300.jpg 200w, https:\/\/www.routehistorique86.com\/wp-content\/uploads\/2017\/03\/4-6-Montmorillon-JMG-DSC00313-768x1152.jpg 768w, https:\/\/www.routehistorique86.com\/wp-content\/uploads\/2017\/03\/4-6-Montmorillon-JMG-DSC00313-683x1024.jpg 683w\" sizes=\"auto, (max-width: 200px) 100vw, 200px\" \/><\/p>\n<p>Au coeur du \u00abPays d&#8217;art et d&#8217;histoire \u00bb Cit\u00e9 de l&#8217;Ecrit et des M\u00e9tiers du Livre. Patrimoine religieux : La Maison Dieu et l&#8217;\u00e9nigmatique Octogone du XII\u00e8, la Chapelle Saint-Laurent, l&#8217;\u00e9glise Notre-Dame (sanctuaire roman et crypte Sainte-Catherine aux peintures murales des XII\u00e8-XIII\u00e8, l&#8217;\u00e9glise Saint-Martial XIX\u00e8 (vitraux). B\u00e2timents civils : h\u00f4tel de Moussac, quartier du Brouard, pont gothique.<\/p>\n<p>Visite guid\u00e9e en juillet et en ao\u00fbt.\u00a0T\u00e9l. 05 49 91 11 96.<\/p>\n<p><strong>Pindray :<\/strong>\u00a0Ch\u00e2teau de Pruniers des XIII\u00e8-XIV\u00e8 comportant un b\u00e2timent rectangulaire avec 4 tourelles. Salle orn\u00e9e de peintures murales \u00e0 motifs g\u00e9om\u00e9triques. Chapelle du XIX\u00e8.<\/p>\n<p><strong>Lussac les Ch\u00e2teaux :<\/strong>\u00a0&#8221; La Sabline &#8221; , mus\u00e9e de Pr\u00e9histoire &#8221; lab\u00e9lis\u00e9 mus\u00e9e de France &#8220;abrite une collection unique de pierres grav\u00e9es ( &#8211; 14 000 ans BC ) . Grottes pr\u00e9historiques.<\/p>\n<p>T\u00e9l. 05 49 83 39 80.<\/p>\n<p><strong>Civaux :<\/strong><\/p>\n<p><img loading=\"lazy\" decoding=\"async\" class=\"alignnone size-medium wp-image-753\" src=\"https:\/\/routehistorique86.com\/wp-content\/uploads\/2017\/03\/Photo-28-Civaux-300x201.jpg\" alt=\"\" width=\"300\" height=\"201\" srcset=\"https:\/\/www.routehistorique86.com\/wp-content\/uploads\/2017\/03\/Photo-28-Civaux-300x201.jpg 300w, https:\/\/www.routehistorique86.com\/wp-content\/uploads\/2017\/03\/Photo-28-Civaux-768x514.jpg 768w, https:\/\/www.routehistorique86.com\/wp-content\/uploads\/2017\/03\/Photo-28-Civaux-1024x685.jpg 1024w\" sizes=\"auto, (max-width: 300px) 100vw, 300px\" \/><\/p>\n<p>Pr\u00e8s de l&#8217;\u00e9glise Saint Gervais et Saint Protais, (rare abside m\u00e9rovingienne), n\u00e9cropole\u00a0m\u00e9rovingienne comportant de tr\u00e8s nombreux couvercles de sarcophages. Vestiges pr\u00e9historiques, gaulois et gallo-romains. Mus\u00e9e arch\u00e9ologique.<\/p>\n<p>T\u00e9l. 05 49 48 34 61 .<\/p>\n<h3>Chauvigny<\/h3>\n<div id=\"attachment_649\" style=\"width: 310px\" class=\"wp-caption alignnone\"><img loading=\"lazy\" decoding=\"async\" aria-describedby=\"caption-attachment-649\" class=\"size-medium wp-image-649\" src=\"https:\/\/routehistorique86.com\/wp-content\/uploads\/2017\/03\/Chauvigny-300x201.jpg\" alt=\"\" width=\"300\" height=\"201\" srcset=\"https:\/\/www.routehistorique86.com\/wp-content\/uploads\/2017\/03\/Chauvigny-300x201.jpg 300w, https:\/\/www.routehistorique86.com\/wp-content\/uploads\/2017\/03\/Chauvigny-768x514.jpg 768w, https:\/\/www.routehistorique86.com\/wp-content\/uploads\/2017\/03\/Chauvigny-1024x685.jpg 1024w\" sizes=\"auto, (max-width: 300px) 100vw, 300px\" \/><p id=\"caption-attachment-649\" class=\"wp-caption-text\">Ville de Chauvigny<\/p><\/div>\n<p>Ville d&#8217;art renomm\u00e9e pour ses trois \u00e9glises : Saint-Pierre les Eglises, Notre-Dame et la coll\u00e9giale Saint-Pierre, chefs d&#8217;oeuvre de l&#8217;art roman ; et ses cinq ch\u00e2teaux dont trois sont r\u00e9utilis\u00e9s : le baronnial des \u00e9v\u00eaques de Poitiers (spectacle de fauconnerie), d&#8217;Harcourt (lieu d&#8217;exposition), le donjon de Gouzon (arch\u00e9ologie industrielle). Architecture civile et militaire du XI\u00e8 au XV\u00e8.<\/p>\n<p>Visite guid\u00e9e toute l&#8217;ann\u00e9e. T\u00e9l. 05 49 46 39 01.<\/p>\n<h3>Manoir de la Thibaudi\u00e8re \u00e0 Terc\u00e9<\/h3>\n<div id=\"attachment_650\" style=\"width: 310px\" class=\"wp-caption alignnone\"><img loading=\"lazy\" decoding=\"async\" aria-describedby=\"caption-attachment-650\" class=\"size-medium wp-image-650\" src=\"https:\/\/routehistorique86.com\/wp-content\/uploads\/2017\/03\/Manoir-de-La-Thibaudi\u00e8re-300x201.jpg\" alt=\"\" width=\"300\" height=\"201\" srcset=\"https:\/\/www.routehistorique86.com\/wp-content\/uploads\/2017\/03\/Manoir-de-La-Thibaudi\u00e8re-300x201.jpg 300w, https:\/\/www.routehistorique86.com\/wp-content\/uploads\/2017\/03\/Manoir-de-La-Thibaudi\u00e8re-768x514.jpg 768w, https:\/\/www.routehistorique86.com\/wp-content\/uploads\/2017\/03\/Manoir-de-La-Thibaudi\u00e8re-1024x685.jpg 1024w\" sizes=\"auto, (max-width: 300px) 100vw, 300px\" \/><p id=\"caption-attachment-650\" class=\"wp-caption-text\">Manoir de La Thibaudi\u00e8re<\/p><\/div>\n<p>Maison noble. du XVI\u00e8 -XVII\u00e8.\u00a0Visites guid\u00e9es des jardins, pigeonnier et rez-de-chauss\u00e9e du logis du 14 juillet au 31 ao\u00fbt de 12h \u00e0 18h, sur rendez-vous.<br \/>\nJourn\u00e9es du patrimoine.<br \/>\nT\u00e9l. : 06 12 47 16 38 \u00a0&#8211; Courriel : thibijj@gmail.com<\/p>\n<p><strong>Savigny L&#8217;\u00c9vescault :<\/strong> Ch\u00e2teau de La Touche<\/p>\n<div class=\"centre\"><\/div>\n","protected":false},"excerpt":{"rendered":"<p>dans l&#8217;est et le sud du d\u00e9partement Le Duc de Berry assi\u00e9geait depuis deux ans la forteresse de Gen\u00e7ay livr\u00e9e aux Anglais par trahison. Du&#8230;<\/p>\n","protected":false},"author":1,"featured_media":0,"parent":0,"menu_order":0,"comment_status":"closed","ping_status":"closed","template":"","meta":{"footnotes":""},"class_list":["post-15","page","type-page","status-publish","hentry"],"jetpack_sharing_enabled":true,"_links":{"self":[{"href":"https:\/\/www.routehistorique86.com\/index.php\/wp-json\/wp\/v2\/pages\/15","targetHints":{"allow":["GET"]}}],"collection":[{"href":"https:\/\/www.routehistorique86.com\/index.php\/wp-json\/wp\/v2\/pages"}],"about":[{"href":"https:\/\/www.routehistorique86.com\/index.php\/wp-json\/wp\/v2\/types\/page"}],"author":[{"embeddable":true,"href":"https:\/\/www.routehistorique86.com\/index.php\/wp-json\/wp\/v2\/users\/1"}],"replies":[{"embeddable":true,"href":"https:\/\/www.routehistorique86.com\/index.php\/wp-json\/wp\/v2\/comments?post=15"}],"version-history":[{"count":66,"href":"https:\/\/www.routehistorique86.com\/index.php\/wp-json\/wp\/v2\/pages\/15\/revisions"}],"predecessor-version":[{"id":783,"href":"https:\/\/www.routehistorique86.com\/index.php\/wp-json\/wp\/v2\/pages\/15\/revisions\/783"}],"wp:attachment":[{"href":"https:\/\/www.routehistorique86.com\/index.php\/wp-json\/wp\/v2\/media?parent=15"}],"curies":[{"name":"wp","href":"https:\/\/api.w.org\/{rel}","templated":true}]}}