{"id":13,"date":"2017-03-25T13:29:58","date_gmt":"2017-03-25T13:29:58","guid":{"rendered":"https:\/\/routehistorique86.com\/?page_id=13"},"modified":"2025-01-07T20:37:12","modified_gmt":"2025-01-07T19:37:12","slug":"circuit-jean-le-bon-de-nouaille-maupertuis-a-gencay","status":"publish","type":"page","link":"https:\/\/www.routehistorique86.com\/index.php\/circuit-jean-le-bon-de-nouaille-maupertuis-a-gencay\/","title":{"rendered":"Circuit Jean le Bon"},"content":{"rendered":"<h2>de Nouaill\u00e9 Maupertuis \u00e0 Gen\u00e7ay<\/h2>\n<p>La d\u00e9faite du Roi Jean II de Valois dit Jean Le Bon au lieu-dit Maupertuis, pr\u00e8s de Nouaill\u00e9, en 1356, \u00e9voque les heures sombres de la Guerre de Cent Ans et ses d\u00e9vastations, des abbayes poitevines, telles Saint-Cyprien de Poitiers, Saint-Beno\u00eet, Ligug\u00e9, Nouaill\u00e9, Charroux et d&#8217;autres monuments ayant subi de lourds dommages.<\/p>\n<div id=\"attachment_91\" style=\"width: 191px\" class=\"wp-caption alignnone\"><a href=\"https:\/\/routehistorique86.com\/wp-content\/uploads\/2017\/04\/artimage_284088_1952417_201004135113939.jpeg\" target=\"_blank\" rel=\"noopener noreferrer\"><img loading=\"lazy\" decoding=\"async\" aria-describedby=\"caption-attachment-91\" class=\"wp-image-91 size-medium\" src=\"https:\/\/routehistorique86.com\/wp-content\/uploads\/2017\/04\/artimage_284088_1952417_201004135113939-181x300.jpeg\" alt=\"Jean Le Bon\" width=\"181\" height=\"300\" srcset=\"https:\/\/www.routehistorique86.com\/wp-content\/uploads\/2017\/04\/artimage_284088_1952417_201004135113939-181x300.jpeg 181w, https:\/\/www.routehistorique86.com\/wp-content\/uploads\/2017\/04\/artimage_284088_1952417_201004135113939.jpeg 500w\" sizes=\"auto, (max-width: 181px) 100vw, 181px\" \/><\/a><p id=\"caption-attachment-91\" class=\"wp-caption-text\">Jean le Bon<\/p><\/div>\n<h3>Nouaill\u00e9-Maupertuis<\/h3>\n<p><img loading=\"lazy\" decoding=\"async\" class=\"alignnone size-medium wp-image-734\" src=\"https:\/\/routehistorique86.com\/wp-content\/uploads\/2017\/03\/3-1-Nouaill\u00e9-DSC05163corr-300x197.jpg\" alt=\"\" width=\"300\" height=\"197\" srcset=\"https:\/\/www.routehistorique86.com\/wp-content\/uploads\/2017\/03\/3-1-Nouaill\u00e9-DSC05163corr-300x197.jpg 300w, https:\/\/www.routehistorique86.com\/wp-content\/uploads\/2017\/03\/3-1-Nouaill\u00e9-DSC05163corr-768x505.jpg 768w, https:\/\/www.routehistorique86.com\/wp-content\/uploads\/2017\/03\/3-1-Nouaill\u00e9-DSC05163corr-1024x673.jpg 1024w\" sizes=\"auto, (max-width: 300px) 100vw, 300px\" \/>Ancienne abbaye romane fortifi\u00e9e, avec remparts et douves du VII\u00e8 remani\u00e9s au fil des si\u00e8cles.\u00a0B\u00e2timents conventuels des XII\u00e8 et XVII\u00e8, logis abbatial fin XV\u00e8. Jardin d&#8217;inspiration m\u00e9di\u00e9vale. A 1,5 km sur la route des Bordes, site et monument comm\u00e9moratif de la bataille de 1356 o\u00f9 Jean le Bon fut captur\u00e9 par le Prince Noir. \u00c9glise abbatiale ouverte tous les jours. Visite libre gratuite.\u00a0Visite guid\u00e9e sur rendez-vous.<br \/>\nT\u00e9l. : 05 49 55 35 69 &#8211; Courriel : patrimoine@nouaille.com<\/p>\n<p><strong>Les Roches-Pr\u00e9marie-Andill\u00e9 :<\/strong>\u00a0Ch\u00e2teau de Pr\u00e9marie des XIV\u00e8-XV\u00e8 qui a conserv\u00e9 son mur d&#8217;enceinte aux tours d&#8217;angles d\u00e9mantel\u00e9es, ch\u00e2telet d&#8217;entr\u00e9e. Ch\u00e2teau de la Planche, dolmen tumulus d&#8217;Andill\u00e9 et de Pouzac, prieur\u00e9 de Rabou\u00e9 (fresques du XIIe).<\/p>\n<h3>\u00a0Jardin du Prieur\u00e9 de Laverr\u00e9 \u00e0 Aslonnes<\/h3>\n<p><img loading=\"lazy\" decoding=\"async\" class=\"alignnone size-medium wp-image-736\" src=\"https:\/\/routehistorique86.com\/wp-content\/uploads\/2017\/03\/Laverr\u00e9-5a-300x225.jpg\" alt=\"\" width=\"300\" height=\"225\" srcset=\"https:\/\/www.routehistorique86.com\/wp-content\/uploads\/2017\/03\/Laverr\u00e9-5a-300x225.jpg 300w, https:\/\/www.routehistorique86.com\/wp-content\/uploads\/2017\/03\/Laverr\u00e9-5a-768x576.jpg 768w, https:\/\/www.routehistorique86.com\/wp-content\/uploads\/2017\/03\/Laverr\u00e9-5a-1024x768.jpg 1024w\" sizes=\"auto, (max-width: 300px) 100vw, 300px\" \/><\/p>\n<p>Ce jardin labellis\u00e9 &#8221; Jardin remarquable &#8221; est un paradis pour les amoureux du<\/p>\n<p>patrimoine culturel vivant ( plus de 6000 esp\u00e8ces \u00a0s&#8217;y d\u00e9veloppent). La chapelle constitue la premi\u00e8re \u00e9tape de la visite, puis derri\u00e8re la demeure, le pont ouvre sur un jardin style XV\u00e8. Une importante roseraie, un arboretum rec\u00e8le de nombreux arbres et des ruisseaux sillonnent les jardins.<\/p>\n<p>Ouverts du 1er avril au 1er novembre, du lundi au samedi ( sauf le mardi )<\/p>\n<p>de 10h30- 12h00 et 14h30 \u00e0 19h00, le dimanche de 14h30-19h00.<\/p>\n<p>T\u00e9l: 05 49 42 59 40<\/p>\n<p><strong>La Villedieu du Clain :\u00a0<\/strong>\u00c9glise fa\u00e7ade romane, reliquaire en bois dor\u00e9 du\u00a0XVII\u00e8.<\/p>\n<p><strong>Gizay :\u00a0<\/strong>Ch\u00e2teau de Chambonneau : petite, mais prestigieuse place forte du XIV\u00e8 o\u00f9 Jean le Bon aurait pass\u00e9 sa premi\u00e8re nuit de captivit\u00e9 avant d&#8217;\u00eatre transf\u00e9r\u00e9 \u00e0 Gen\u00e7ay.<\/p>\n<p>site internet:<a href=\"http:\/\/www.chambonneau.com\"> chambonneau<\/a><\/p>\n<h3>Ch\u00e2teau de Vernon \u00e0 Vernon<\/h3>\n<p><img loading=\"lazy\" decoding=\"async\" class=\"size-medium wp-image-648\" src=\"https:\/\/routehistorique86.com\/wp-content\/uploads\/2017\/03\/Ch\u00e2teau-de-Vernon-300x200.jpg\" alt=\"\" width=\"300\" height=\"200\" srcset=\"https:\/\/www.routehistorique86.com\/wp-content\/uploads\/2017\/03\/Ch\u00e2teau-de-Vernon-300x200.jpg 300w, https:\/\/www.routehistorique86.com\/wp-content\/uploads\/2017\/03\/Ch\u00e2teau-de-Vernon-768x512.jpg 768w, https:\/\/www.routehistorique86.com\/wp-content\/uploads\/2017\/03\/Ch\u00e2teau-de-Vernon-1024x683.jpg 1024w\" sizes=\"auto, (max-width: 300px) 100vw, 300px\" \/><\/p>\n<p>Ch\u00e2teau des XIV\u00e8-XVII\u00e8-XIX\u00e8 (\u00a0class\u00e9s ISMH). des Communs abritant trois mus\u00e9es 45\u00a0v\u00e9hicules d&#8217;exceptions en \u00e9tat de marche, v\u00e9hicules de pompiers plus de 60 prototypes cr\u00e9\u00e9s par Franco Sbarro, collection unique en Europe. Des Salle de r\u00e9ception, salle d&#8217;exposition, manifestations culturelles et artistiques. Visite sur rendez-vous. Pour les groupes possibilit\u00e9 de restauration sur place sur r\u00e9servation.<\/p>\n<p>T\u00e9l. 05 49 45 28 72.<\/p>\n<p><strong>Lhommaiz\u00e9 : <\/strong>Ch\u00e2teau de la Forge, consttruit en 1764-1769 par l&#8217;architecte\u00a0Penchaud pour le duc de Mortemart, le ch\u00e2teau se trouvait \u00e0 proximit\u00e9 d&#8217;une importante forge qui a fonctionn\u00e9 jusqu&#8217;en 1882.<\/p>\n<p><strong>Bouresse :\u00a0<\/strong>\u00c9glise romane Notre-Dame XI\u00e8-XII\u00e8, fortifi\u00e9e au XV\u00e8.<\/p>\n<p><strong>L&#8217;Isle-Jourdain : <\/strong>\u00c9glise\u00a0romane Notre &#8211; Dame de Saint Paixent XI\u00e8 -XII\u00e8 inscrite en tant que monument historique depuis 1973. T\u00e9l. 05 49 48 80 36.<\/p>\n<h3>Usson du Poitou<\/h3>\n<p><img loading=\"lazy\" decoding=\"async\" class=\"alignnone size-medium wp-image-656\" src=\"https:\/\/routehistorique86.com\/wp-content\/uploads\/2017\/03\/\u00c9glise-dUsson-du-Poitou-300x169.jpg\" alt=\"\" width=\"300\" height=\"169\" srcset=\"https:\/\/www.routehistorique86.com\/wp-content\/uploads\/2017\/03\/\u00c9glise-dUsson-du-Poitou-300x169.jpg 300w, https:\/\/www.routehistorique86.com\/wp-content\/uploads\/2017\/03\/\u00c9glise-dUsson-du-Poitou-768x432.jpg 768w, https:\/\/www.routehistorique86.com\/wp-content\/uploads\/2017\/03\/\u00c9glise-dUsson-du-Poitou.jpg 919w\" sizes=\"auto, (max-width: 300px) 100vw, 300px\" \/><\/p>\n<p>Ancien prieur\u00e9 b\u00e9n\u00e9dictin. La remarquable prieurale du XI\u00e8 pr\u00e9sente la particularit\u00e9 de s&#8217;\u00eatre vu adjoindre fin XV\u00e8- d\u00e9but XVI\u00e8 un collat\u00e9ral sud ogival auquel on acc\u00e8de par une porte lat\u00e9rale sous un charmant pr\u00e9au. Cet \u00e9difice conserve de beaux \u00e9l\u00e9ments sculpt\u00e9s romans sur sa fa\u00e7ade occidentale. Visite libre.<\/p>\n<h3>Ch\u00e2teau de Galmoisin \u00e0 St-Maurice La Clou\u00e8re<\/h3>\n<p><img loading=\"lazy\" decoding=\"async\" class=\"size-medium wp-image-658\" src=\"https:\/\/routehistorique86.com\/wp-content\/uploads\/2017\/03\/Ch\u00e2teau-de-Galmoisin-300x200.jpg\" alt=\"\" width=\"300\" height=\"200\" srcset=\"https:\/\/www.routehistorique86.com\/wp-content\/uploads\/2017\/03\/Ch\u00e2teau-de-Galmoisin-300x200.jpg 300w, https:\/\/www.routehistorique86.com\/wp-content\/uploads\/2017\/03\/Ch\u00e2teau-de-Galmoisin-768x512.jpg 768w, https:\/\/www.routehistorique86.com\/wp-content\/uploads\/2017\/03\/Ch\u00e2teau-de-Galmoisin-1024x683.jpg 1024w\" sizes=\"auto, (max-width: 300px) 100vw, 300px\" \/><\/p>\n<p>R\u00e9sidence &#8221; aux champs &#8221; du XVII\u00e8 . Cour d&#8217;honneur ferm\u00e9e d&#8217;une grille, puits, communs, pigeonnier et chapelle castrale (autel et retable).<\/p>\n<p>Ouvert en Juillet, Ao\u00fbt et Septembre sur rendez-vous.<\/p>\n<p>T\u00e9l. : 05 49 59 31 13.<\/p>\n<p><strong>Saint-Maurice la Clou\u00e8re : <\/strong><\/p>\n<p><img loading=\"lazy\" decoding=\"async\" class=\"size-medium wp-image-749\" src=\"https:\/\/routehistorique86.com\/wp-content\/uploads\/2017\/03\/St-Maurice-DSC05131corr-300x195.jpg\" alt=\"\" width=\"300\" height=\"195\" srcset=\"https:\/\/www.routehistorique86.com\/wp-content\/uploads\/2017\/03\/St-Maurice-DSC05131corr-300x195.jpg 300w, https:\/\/www.routehistorique86.com\/wp-content\/uploads\/2017\/03\/St-Maurice-DSC05131corr-768x498.jpg 768w, https:\/\/www.routehistorique86.com\/wp-content\/uploads\/2017\/03\/St-Maurice-DSC05131corr-1024x664.jpg 1024w\" sizes=\"auto, (max-width: 300px) 100vw, 300px\" \/><\/p>\n<p>\u00c9glise romane du XII\u00e8, d&#8217;une rare \u00e9l\u00e9gance, doit son originalit\u00e9 \u00e0 son plan tr\u00e9fl\u00e9 . Le portail lat\u00e9ral nord aux voussures abondamment sculpt\u00e9s et orn\u00e9es de dragons a \u00e9t\u00e9 ex\u00e9cut\u00e9 par des artistes du XIII\u00e8 . Peintures murales du XIV\u00e8 et XVI\u00e8. Visite libre.<\/p>\n<h3>Ch\u00e2teau de Gen\u00e7ay<\/h3>\n<p><img loading=\"lazy\" decoding=\"async\" class=\"size-medium wp-image-739\" src=\"https:\/\/routehistorique86.com\/wp-content\/uploads\/2017\/03\/Geb\u00e7ay-DSC05196-corr-300x200.jpg\" alt=\"\" width=\"300\" height=\"200\" srcset=\"https:\/\/www.routehistorique86.com\/wp-content\/uploads\/2017\/03\/Geb\u00e7ay-DSC05196-corr-300x200.jpg 300w, https:\/\/www.routehistorique86.com\/wp-content\/uploads\/2017\/03\/Geb\u00e7ay-DSC05196-corr-768x512.jpg 768w, https:\/\/www.routehistorique86.com\/wp-content\/uploads\/2017\/03\/Geb\u00e7ay-DSC05196-corr-1024x683.jpg 1024w\" sizes=\"auto, (max-width: 300px) 100vw, 300px\" \/><\/p>\n<p>Restes imposants d&#8217;une forteresse militaire des XII\u00e8-XIII\u00e8 o\u00f9 Jean le Bon fut captif apr\u00e8s la bataille de Poitiers \u00e0 Maupertuis en 1356. Assi\u00e9g\u00e9 par le Duc de Berry pendant deux ans, il fut pris par Du Guesclin en 1375. Class\u00e9 monument historique en 1840 par Prosper M\u00e9rim\u00e9e.Visite ext\u00e9rieure.<\/p>\n<p><strong>Gen\u00e7ay :<\/strong> \u00c9glise Notre-Dame du XII\u00e8, portail du XIII\u00e8 , maisons anciennes du XV\u00e8 rue de l&#8217;Aum\u00f4nerie. Circuit touristique libre d&#8217;acc\u00e8s. T\u00e9l. 05 49 45 23 31.<\/p>\n<h3>Ch\u00e2teau de La Roche \u00e0 Magn\u00e9<\/h3>\n<p><a href=\"https:\/\/routehistorique86.com\/wp-content\/uploads\/2017\/04\/photo_284088_5754090_201003264543393.jpeg\" target=\"_blank\" rel=\"noopener noreferrer\"><img loading=\"lazy\" decoding=\"async\" class=\"wp-image-122 size-medium\" src=\"https:\/\/routehistorique86.com\/wp-content\/uploads\/2017\/04\/photo_284088_5754090_201003264543393-300x160.jpeg\" alt=\"Ch\u00e2teau de La Roche, Magn\u00e9\" width=\"300\" height=\"160\" srcset=\"https:\/\/www.routehistorique86.com\/wp-content\/uploads\/2017\/04\/photo_284088_5754090_201003264543393-300x160.jpeg 300w, https:\/\/www.routehistorique86.com\/wp-content\/uploads\/2017\/04\/photo_284088_5754090_201003264543393.jpeg 500w\" sizes=\"auto, (max-width: 300px) 100vw, 300px\" \/><\/a><\/p>\n<p>Ch\u00e2teau du XV\u00e8-XVI\u00e8 (class\u00e9 ISMH). Belle fa\u00e7ade aux d\u00e9cors des fen\u00eatres gothique flamboyant et renaissance.\u00a0D\u00e9coration int\u00e9rieure du XVIII\u00e8.\u00a0Chapelle gothique du d\u00e9but du XVI\u00e8, dont les vitraux, sign\u00e9s par Mar\u00e9chal de Metz, peintre et ma\u00eetre verrier, chef de file de l&#8217;\u00e9cole de Metz, ont \u00e9t\u00e9 prim\u00e9s \u00e0 l&#8217;exposition universelle de Paris de 1867.<\/p>\n<p>L&#8217;un des communs abrite le Mus\u00e9e de l&#8217;Ordre de Malte, unique en France.<\/p>\n<p>Visite guid\u00e9e obligatoire &#8211; Ch\u00e2teau &#8211; Chapelle &#8211; Mus\u00e9e \u00e0\u00a010h00\/11h00\/12h00 &#8211; 15h00\/16h00\/17h00.<\/p>\n<p>Ouvert toute l&#8217;ann\u00e9e pour les groupes &#8211; sur r\u00e9servation &#8211; 20 personnes minimum<\/p>\n<p>Ouvert en 2025 &#8211; du 11 juillet au 31 juillet compris &#8211; ouvert lundi 14 juillet 2025<\/p>\n<p>du 8 ao\u00fbt au 31 ao\u00fbt &#8211; ouvert le 15 ao\u00fbt<\/p>\n<p>le 5 septembre, 6 septembre et 7 septembre 2025<\/p>\n<p>Ouvert pour les journ\u00e9es europ\u00e9ennes du patrimoine le 20 et 21 septembre 2025<\/p>\n<p>Ferm\u00e9 les lundis &#8211;\u00a0site internet: chateaudelaroche.eu\u00a0&#8211;\u00a0Courriel : chateaudelaroche@free.fr<\/p>\n<p>Location pour r\u00e9ception de mariage.<\/p>\n<p>T\u00e9l. : 06 23 78 85 61<\/p>\n<div class=\"centre\"><\/div>\n","protected":false},"excerpt":{"rendered":"<p>de Nouaill\u00e9 Maupertuis \u00e0 Gen\u00e7ay La d\u00e9faite du Roi Jean II de Valois dit Jean Le Bon au lieu-dit Maupertuis, pr\u00e8s de Nouaill\u00e9, en 1356,&#8230;<\/p>\n","protected":false},"author":1,"featured_media":0,"parent":0,"menu_order":0,"comment_status":"closed","ping_status":"closed","template":"","meta":{"footnotes":""},"class_list":["post-13","page","type-page","status-publish","hentry"],"jetpack_sharing_enabled":true,"_links":{"self":[{"href":"https:\/\/www.routehistorique86.com\/index.php\/wp-json\/wp\/v2\/pages\/13","targetHints":{"allow":["GET"]}}],"collection":[{"href":"https:\/\/www.routehistorique86.com\/index.php\/wp-json\/wp\/v2\/pages"}],"about":[{"href":"https:\/\/www.routehistorique86.com\/index.php\/wp-json\/wp\/v2\/types\/page"}],"author":[{"embeddable":true,"href":"https:\/\/www.routehistorique86.com\/index.php\/wp-json\/wp\/v2\/users\/1"}],"replies":[{"embeddable":true,"href":"https:\/\/www.routehistorique86.com\/index.php\/wp-json\/wp\/v2\/comments?post=13"}],"version-history":[{"count":81,"href":"https:\/\/www.routehistorique86.com\/index.php\/wp-json\/wp\/v2\/pages\/13\/revisions"}],"predecessor-version":[{"id":1003,"href":"https:\/\/www.routehistorique86.com\/index.php\/wp-json\/wp\/v2\/pages\/13\/revisions\/1003"}],"wp:attachment":[{"href":"https:\/\/www.routehistorique86.com\/index.php\/wp-json\/wp\/v2\/media?parent=13"}],"curies":[{"name":"wp","href":"https:\/\/api.w.org\/{rel}","templated":true}]}}