{"id":1006,"date":"2025-03-13T18:25:40","date_gmt":"2025-03-13T17:25:40","guid":{"rendered":"https:\/\/www.routehistorique86.com\/?page_id=1006"},"modified":"2026-01-20T14:35:22","modified_gmt":"2026-01-20T13:35:22","slug":"bulletin-dadhesion","status":"publish","type":"page","link":"https:\/\/www.routehistorique86.com\/index.php\/bulletin-dadhesion\/","title":{"rendered":"BULLETIN D&#8217;ADH\u00c9SION 2026"},"content":{"rendered":"\n<p class=\"has-text-align-center\"><a href=\"https:\/\/www.routehistorique86.com\/wp-content\/uploads\/2026\/01\/Appel-cotisations-2026.pdf\"><img loading=\"lazy\" decoding=\"async\" width=\"150\" height=\"212\" class=\"wp-image-1033\" style=\"width: 150px;\" src=\"https:\/\/www.routehistorique86.com\/wp-content\/uploads\/2026\/01\/Appel-cotisations-2026.png\" alt=\"\" srcset=\"https:\/\/www.routehistorique86.com\/wp-content\/uploads\/2026\/01\/Appel-cotisations-2026.png 638w, https:\/\/www.routehistorique86.com\/wp-content\/uploads\/2026\/01\/Appel-cotisations-2026-212x300.png 212w\" sizes=\"auto, (max-width: 150px) 100vw, 150px\" \/><\/a><\/p>\n\n\n\n<p class=\"has-text-align-center\"><a href=\"https:\/\/www.routehistorique86.com\/wp-content\/uploads\/2026\/01\/Appel-cotisations-2026.pdf\">T\u00e9l\u00e9charger le bulletin d&#8217;adh\u00e9sion 2026<\/a><\/p>\n","protected":false},"excerpt":{"rendered":"<p>T\u00e9l\u00e9charger le bulletin d&#8217;adh\u00e9sion 2026<\/p>\n","protected":false},"author":2,"featured_media":0,"parent":0,"menu_order":0,"comment_status":"closed","ping_status":"closed","template":"","meta":{"footnotes":""},"class_list":["post-1006","page","type-page","status-publish","hentry"],"jetpack_sharing_enabled":true,"_links":{"self":[{"href":"https:\/\/www.routehistorique86.com\/index.php\/wp-json\/wp\/v2\/pages\/1006","targetHints":{"allow":["GET"]}}],"collection":[{"href":"https:\/\/www.routehistorique86.com\/index.php\/wp-json\/wp\/v2\/pages"}],"about":[{"href":"https:\/\/www.routehistorique86.com\/index.php\/wp-json\/wp\/v2\/types\/page"}],"author":[{"embeddable":true,"href":"https:\/\/www.routehistorique86.com\/index.php\/wp-json\/wp\/v2\/users\/2"}],"replies":[{"embeddable":true,"href":"https:\/\/www.routehistorique86.com\/index.php\/wp-json\/wp\/v2\/comments?post=1006"}],"version-history":[{"count":7,"href":"https:\/\/www.routehistorique86.com\/index.php\/wp-json\/wp\/v2\/pages\/1006\/revisions"}],"predecessor-version":[{"id":1036,"href":"https:\/\/www.routehistorique86.com\/index.php\/wp-json\/wp\/v2\/pages\/1006\/revisions\/1036"}],"wp:attachment":[{"href":"https:\/\/www.routehistorique86.com\/index.php\/wp-json\/wp\/v2\/media?parent=1006"}],"curies":[{"name":"wp","href":"https:\/\/api.w.org\/{rel}","templated":true}]}}